{"id":69,"date":"2020-06-26T09:08:27","date_gmt":"2020-06-26T09:08:27","guid":{"rendered":"https:\/\/formaciondpi.es\/wordpress\/?page_id=69"},"modified":"2025-05-22T07:07:13","modified_gmt":"2025-05-22T07:07:13","slug":"contacto","status":"publish","type":"page","link":"https:\/\/formaciondpi.es\/?page_id=69","title":{"rendered":"Contacto"},"content":{"rendered":"\t\t<div data-elementor-type=\"wp-page\" data-elementor-id=\"69\" class=\"elementor elementor-69\" data-elementor-post-type=\"page\">\n\t\t\t\t\t\t<section class=\"elementor-section elementor-top-section elementor-element elementor-element-6bf989e7 elementor-section-boxed elementor-section-height-default elementor-section-height-default\" data-id=\"6bf989e7\" data-element_type=\"section\">\n\t\t\t\t\t\t<div class=\"elementor-container elementor-column-gap-default\">\n\t\t\t\t\t<div class=\"elementor-column elementor-col-100 elementor-top-column elementor-element elementor-element-2efad9fa\" data-id=\"2efad9fa\" data-element_type=\"column\">\n\t\t\t<div class=\"elementor-widget-wrap elementor-element-populated\">\n\t\t\t\t\t\t<div class=\"elementor-element elementor-element-5db7c27a elementor-widget__width-initial elementor-widget elementor-widget-text-editor\" data-id=\"5db7c27a\" data-element_type=\"widget\" data-widget_type=\"text-editor.default\">\n\t\t\t\t<div class=\"elementor-widget-container\">\n\t\t\t\t\t\t\t\t\t\n<p style=\"text-align: center;\">Las personas interesadas en realizar el Curso de Especializaci\u00f3n en Protecci\u00f3n de Datos pueden ponerse en contacto a trav\u00e9s del email\u00a0<strong><a href=\"mailto:formacion@ismsforum.es\">formacion@ismsforum.es<\/a> <\/strong><\/p>\n\t\t\t\t\t\t\t\t<\/div>\n\t\t\t\t<\/div>\n\t\t\t\t<div class=\"elementor-element elementor-element-2b66b9c elementor-widget__width-initial elementor-widget elementor-widget-image\" data-id=\"2b66b9c\" data-element_type=\"widget\" data-widget_type=\"image.default\">\n\t\t\t\t<div class=\"elementor-widget-container\">\n\t\t\t\t\t\t\t\t\t\t\t\t\t\t\t<img fetchpriority=\"high\" decoding=\"async\" width=\"750\" height=\"501\" src=\"https:\/\/formaciondpi.es\/wp-content\/uploads\/2020\/07\/scott-graham-OQMZwNd3ThU-unsplash-1-768x513.jpg\" class=\"attachment-medium_large size-medium_large wp-image-234\" alt=\"\" srcset=\"https:\/\/formaciondpi.es\/wp-content\/uploads\/2020\/07\/scott-graham-OQMZwNd3ThU-unsplash-1-768x513.jpg 768w, https:\/\/formaciondpi.es\/wp-content\/uploads\/2020\/07\/scott-graham-OQMZwNd3ThU-unsplash-1-300x200.jpg 300w, https:\/\/formaciondpi.es\/wp-content\/uploads\/2020\/07\/scott-graham-OQMZwNd3ThU-unsplash-1-1024x683.jpg 1024w, https:\/\/formaciondpi.es\/wp-content\/uploads\/2020\/07\/scott-graham-OQMZwNd3ThU-unsplash-1-1536x1025.jpg 1536w, https:\/\/formaciondpi.es\/wp-content\/uploads\/2020\/07\/scott-graham-OQMZwNd3ThU-unsplash-1-2048x1367.jpg 2048w\" sizes=\"(max-width: 750px) 100vw, 750px\" \/>\t\t\t\t\t\t\t\t\t\t\t\t\t\t\t<\/div>\n\t\t\t\t<\/div>\n\t\t\t\t\t<\/div>\n\t\t<\/div>\n\t\t\t\t\t<\/div>\n\t\t<\/section>\n\t\t\t\t<\/div>\n\t\t","protected":false},"excerpt":{"rendered":"<p>Las personas interesadas en realizar el Curso de Especializaci\u00f3n en Protecci\u00f3n de Datos pueden ponerse en contacto a trav\u00e9s del email\u00a0formacion@ismsforum.es<\/p>\n","protected":false},"author":1,"featured_media":0,"parent":0,"menu_order":0,"comment_status":"closed","ping_status":"closed","template":"page-templates\/contact.php","meta":{"footnotes":""},"class_list":["post-69","page","type-page","status-publish","hentry"],"_links":{"self":[{"href":"https:\/\/formaciondpi.es\/index.php?rest_route=\/wp\/v2\/pages\/69","targetHints":{"allow":["GET"]}}],"collection":[{"href":"https:\/\/formaciondpi.es\/index.php?rest_route=\/wp\/v2\/pages"}],"about":[{"href":"https:\/\/formaciondpi.es\/index.php?rest_route=\/wp\/v2\/types\/page"}],"author":[{"embeddable":true,"href":"https:\/\/formaciondpi.es\/index.php?rest_route=\/wp\/v2\/users\/1"}],"replies":[{"embeddable":true,"href":"https:\/\/formaciondpi.es\/index.php?rest_route=%2Fwp%2Fv2%2Fcomments&post=69"}],"version-history":[{"count":46,"href":"https:\/\/formaciondpi.es\/index.php?rest_route=\/wp\/v2\/pages\/69\/revisions"}],"predecessor-version":[{"id":1414,"href":"https:\/\/formaciondpi.es\/index.php?rest_route=\/wp\/v2\/pages\/69\/revisions\/1414"}],"wp:attachment":[{"href":"https:\/\/formaciondpi.es\/index.php?rest_route=%2Fwp%2Fv2%2Fmedia&parent=69"}],"curies":[{"name":"wp","href":"https:\/\/api.w.org\/{rel}","templated":true}]}}